{"id":2,"date":"2016-05-10T03:48:21","date_gmt":"2016-05-10T03:48:21","guid":{"rendered":"https:\/\/gaiser-bau.de\/?page_id=2"},"modified":"2026-04-23T08:13:37","modified_gmt":"2026-04-23T08:13:37","slug":"sample-page","status":"publish","type":"page","link":"https:\/\/gaiser-bau.de\/","title":{"rendered":"Willkommen"},"content":{"rendered":"<p><img loading=\"lazy\" decoding=\"async\" class=\"alignnone size-full wp-image-12\" src=\"https:\/\/gaiser-bau.de\/wp-content\/uploads\/2021\/08\/2-3.jpg\" alt=\"\" width=\"958\" height=\"219\" srcset=\"https:\/\/gaiser-bau.de\/wp-content\/uploads\/2021\/08\/2-3.jpg 958w, https:\/\/gaiser-bau.de\/wp-content\/uploads\/2021\/08\/2-3-300x69.jpg 300w, https:\/\/gaiser-bau.de\/wp-content\/uploads\/2021\/08\/2-3-768x176.jpg 768w\" sizes=\"auto, (max-width: 958px) 100vw, 958px\" \/><\/p>\n<p><strong><span style=\"color: #ff0000;\">Bitte beachten Sie, dass unsere Deponie aktuell geschlossen ist.<\/span><\/strong><\/p>\n<p>Wir sind Ihr zuverl\u00e4ssiger Partner in Sachen\u00a0<strong>Transport<\/strong>\u00a0und<strong>\u00a0Entsorgung<\/strong>\u00a0Ihrer Abf\u00e4lle. Wir erf\u00fcllen Ihre W\u00fcnsche zu\u00a0<strong>fairen Preisen<\/strong>\u00a0und Sie erhalten dabei den<strong>\u00a0bestm\u00f6glichen Service<\/strong>.<\/p>\n<p>Wir beraten Sie freundlich und kompetent.<\/p>\n<p>Informieren Sie sich auf den folgenden Seiten n\u00e4her \u00fcber unser Unternehmen und unseren Service.<\/p>\n<p>Wir freuen uns, wenn wir Ihnen behilflich sein k\u00f6nnen.<\/p>\n<p>Familie Gaiser<\/p>\n<p><img loading=\"lazy\" decoding=\"async\" class=\"alignnone size-full wp-image-14\" src=\"https:\/\/gaiser-bau.de\/wp-content\/uploads\/2021\/08\/1-2.jpg\" alt=\"\" width=\"958\" height=\"219\" srcset=\"https:\/\/gaiser-bau.de\/wp-content\/uploads\/2021\/08\/1-2.jpg 958w, https:\/\/gaiser-bau.de\/wp-content\/uploads\/2021\/08\/1-2-300x69.jpg 300w, https:\/\/gaiser-bau.de\/wp-content\/uploads\/2021\/08\/1-2-768x176.jpg 768w\" sizes=\"auto, (max-width: 958px) 100vw, 958px\" \/><\/p>\n<p>Unser Container Service stellt Ihnen Absetzmulden f\u00fcr Baustellen, bei Renovierungen und f\u00fcr Haushaltsaufl\u00f6sungen.<\/p>\n<ul>\n<li>Wir bieten eine zeitnahe, zuverl\u00e4ssige und fachgerechte M\u00fcllentsorgung f\u00fcr private und gewerbliche Kunden.<\/li>\n<li>Die Kundenzufriedenheit hat erste Priorit\u00e4t und ist Chefsache.<\/li>\n<\/ul>\n","protected":false},"excerpt":{"rendered":"<p>Bitte beachten Sie, dass unsere Deponie aktuell geschlossen ist. Wir sind Ihr zuverl\u00e4ssiger Partner in Sachen\u00a0Transport\u00a0und\u00a0Entsorgung\u00a0Ihrer Abf\u00e4lle. Wir erf\u00fcllen Ihre W\u00fcnsche zu\u00a0fairen Preisen\u00a0und Sie erhalten dabei den\u00a0bestm\u00f6glichen Service. Wir beraten Sie freundlich und kompetent. Informieren Sie sich auf den folgenden Seiten n\u00e4her \u00fcber unser Unternehmen und unseren Service. Wir freuen uns, wenn wir Ihnen behilflich&hellip; <a class=\"more-link\" href=\"https:\/\/gaiser-bau.de\/\"><span class=\"screen-reader-text\">Willkommen<\/span> weiterlesen<\/a><\/p>\n","protected":false},"author":1,"featured_media":0,"parent":0,"menu_order":0,"comment_status":"closed","ping_status":"open","template":"","meta":{"footnotes":""},"class_list":["post-2","page","type-page","status-publish","hentry","entry"],"_links":{"self":[{"href":"https:\/\/gaiser-bau.de\/index.php?rest_route=\/wp\/v2\/pages\/2","targetHints":{"allow":["GET"]}}],"collection":[{"href":"https:\/\/gaiser-bau.de\/index.php?rest_route=\/wp\/v2\/pages"}],"about":[{"href":"https:\/\/gaiser-bau.de\/index.php?rest_route=\/wp\/v2\/types\/page"}],"author":[{"embeddable":true,"href":"https:\/\/gaiser-bau.de\/index.php?rest_route=\/wp\/v2\/users\/1"}],"replies":[{"embeddable":true,"href":"https:\/\/gaiser-bau.de\/index.php?rest_route=%2Fwp%2Fv2%2Fcomments&post=2"}],"version-history":[{"count":6,"href":"https:\/\/gaiser-bau.de\/index.php?rest_route=\/wp\/v2\/pages\/2\/revisions"}],"predecessor-version":[{"id":78,"href":"https:\/\/gaiser-bau.de\/index.php?rest_route=\/wp\/v2\/pages\/2\/revisions\/78"}],"wp:attachment":[{"href":"https:\/\/gaiser-bau.de\/index.php?rest_route=%2Fwp%2Fv2%2Fmedia&parent=2"}],"curies":[{"name":"wp","href":"https:\/\/api.w.org\/{rel}","templated":true}]}}